{"id":1944,"date":"2020-06-07T14:42:05","date_gmt":"2020-06-07T12:42:05","guid":{"rendered":"https:\/\/www.oye-festival.com\/?page_id=1944"},"modified":"2020-07-01T10:32:45","modified_gmt":"2020-07-01T08:32:45","slug":"corona-update-d","status":"publish","type":"page","link":"https:\/\/www.oye-festival.com\/?page_id=1944","title":{"rendered":"Absage &#038; FAQ"},"content":{"rendered":"\t\t<div data-elementor-type=\"wp-page\" data-elementor-id=\"1944\" class=\"elementor elementor-1944\" data-elementor-settings=\"[]\">\n\t\t\t\t\t\t<div class=\"elementor-inner\">\n\t\t\t\t\t\t\t<div class=\"elementor-section-wrap\">\n\t\t\t\t\t\t\t<section class=\"elementor-section elementor-top-section elementor-element elementor-element-27167f1 elementor-section-full_width elementor-section-height-default elementor-section-height-default\" data-id=\"27167f1\" data-element_type=\"section\" data-settings=\"{&quot;background_background&quot;:&quot;classic&quot;}\">\n\t\t\t\t\t\t\t<div class=\"elementor-background-overlay\"><\/div>\n\t\t\t\t\t\t\t<div class=\"elementor-container elementor-column-gap-no\">\n\t\t\t\t\t\t\t<div class=\"elementor-row\">\n\t\t\t\t\t<div class=\"elementor-column elementor-col-100 elementor-top-column elementor-element elementor-element-41acdb8\" data-id=\"41acdb8\" data-element_type=\"column\">\n\t\t\t<div class=\"elementor-column-wrap elementor-element-populated\">\n\t\t\t\t\t\t\t<div class=\"elementor-widget-wrap\">\n\t\t\t\t\t\t<div class=\"elementor-element elementor-element-05ef44c elementor-absolute elementor-widget elementor-widget-image\" data-id=\"05ef44c\" data-element_type=\"widget\" data-settings=\"{&quot;_position&quot;:&quot;absolute&quot;}\" data-widget_type=\"image.default\">\n\t\t\t\t<div class=\"elementor-widget-container\">\n\t\t\t\t\t\t\t\t<div class=\"elementor-image\">\n\t\t\t\t\t\t\t\t\t\t\t\t<img width=\"700\" height=\"648\" src=\"https:\/\/www.oye-festival.com\/wp-content\/uploads\/2020\/05\/animal_print-black.png\" class=\"attachment-large size-large\" alt=\"\" loading=\"lazy\" srcset=\"https:\/\/www.oye-festival.com\/wp-content\/uploads\/2020\/05\/animal_print-black.png 700w, https:\/\/www.oye-festival.com\/wp-content\/uploads\/2020\/05\/animal_print-black-300x278.png 300w\" sizes=\"(max-width: 700px) 100vw, 700px\" \/>\t\t\t\t\t\t\t\t\t\t\t\t\t\t<\/div>\n\t\t\t\t\t\t<\/div>\n\t\t\t\t<\/div>\n\t\t\t\t<section class=\"elementor-section elementor-inner-section elementor-element elementor-element-54cba02 elementor-section-boxed elementor-section-height-default elementor-section-height-default\" data-id=\"54cba02\" data-element_type=\"section\">\n\t\t\t\t\t\t<div class=\"elementor-container elementor-column-gap-default\">\n\t\t\t\t\t\t\t<div class=\"elementor-row\">\n\t\t\t\t\t<div class=\"elementor-column elementor-col-100 elementor-inner-column elementor-element elementor-element-5076ae0\" data-id=\"5076ae0\" data-element_type=\"column\">\n\t\t\t<div class=\"elementor-column-wrap elementor-element-populated\">\n\t\t\t\t\t\t\t<div class=\"elementor-widget-wrap\">\n\t\t\t\t\t\t<div class=\"elementor-element elementor-element-67bcfcc elementor-widget elementor-widget-heading\" data-id=\"67bcfcc\" data-element_type=\"widget\" data-widget_type=\"heading.default\">\n\t\t\t\t<div class=\"elementor-widget-container\">\n\t\t\t<h1 class=\"elementor-heading-title elementor-size-default\">ABSAGE 2020<\/h1>\t\t<\/div>\n\t\t\t\t<\/div>\n\t\t\t\t<div class=\"elementor-element elementor-element-0cbf4a7 elementor-widget elementor-widget-image\" data-id=\"0cbf4a7\" data-element_type=\"widget\" data-widget_type=\"image.default\">\n\t\t\t\t<div class=\"elementor-widget-container\">\n\t\t\t\t\t\t\t\t<div class=\"elementor-image\">\n\t\t\t\t\t\t\t\t\t\t\t\t<img width=\"777\" height=\"43\" src=\"https:\/\/www.oye-festival.com\/wp-content\/uploads\/2020\/06\/seperator-top-blue.png\" class=\"attachment-full size-full\" alt=\"\" loading=\"lazy\" srcset=\"https:\/\/www.oye-festival.com\/wp-content\/uploads\/2020\/06\/seperator-top-blue.png 777w, https:\/\/www.oye-festival.com\/wp-content\/uploads\/2020\/06\/seperator-top-blue-300x17.png 300w, https:\/\/www.oye-festival.com\/wp-content\/uploads\/2020\/06\/seperator-top-blue-768x43.png 768w\" sizes=\"(max-width: 777px) 100vw, 777px\" \/>\t\t\t\t\t\t\t\t\t\t\t\t\t\t<\/div>\n\t\t\t\t\t\t<\/div>\n\t\t\t\t<\/div>\n\t\t\t\t<div class=\"elementor-element elementor-element-e54e551 elementor-widget elementor-widget-heading\" data-id=\"e54e551\" data-element_type=\"widget\" data-widget_type=\"heading.default\">\n\t\t\t\t<div class=\"elementor-widget-container\">\n\t\t\t<h1 class=\"elementor-heading-title elementor-size-default\">CORONA Update<\/h1>\t\t<\/div>\n\t\t\t\t<\/div>\n\t\t\t\t<div class=\"elementor-element elementor-element-af031e8 elementor-widget elementor-widget-text-editor\" data-id=\"af031e8\" data-element_type=\"widget\" data-widget_type=\"text-editor.default\">\n\t\t\t\t<div class=\"elementor-widget-container\">\n\t\t\t\t\t\t\t\t<div class=\"elementor-text-editor elementor-clearfix\">\n\t\t\t\t\t<p><strong>Liebe\u00a0\u00a1OYE-Fam<\/strong>,\u00a0<\/p><p>wegen des offiziellen Verbotes aller Gro\u00dfveranstaltungen (bis mindestens zum 31. Oktober 2020) und des weiterhin nicht vorhersehbaren Verlaufes der COVID-19-Pandemie, l\u00e4sst sich die Premiere des <strong>\u00a1OYE Latin Summer Festivals in diesem Jahr bedauerlicherweise nicht mehr realisieren<\/strong>. Eine Verlegung des Festivals in den Sommer 2021 ist aufgrund bestehender Terminkonflikte im globalen Konzertgesch\u00e4ft aktuell <strong>nur ohne den Headliner BAD BUNNY<\/strong> <strong>m\u00f6glich<\/strong>.<\/p><p>Um Entt\u00e4uschungen zu vermeiden, haben wir uns deshalb schweren Herzens <strong>dazu entschieden<\/strong> <strong>die Veranstaltung abzusagen<\/strong> und euch so eine <strong>R\u00fcckerstattung der Tickets zu erm\u00f6glichen<\/strong>.<\/p><p>Die R\u00fcckerstattung wird dabei von unseren Ticket-Partnern (Ticket.io und Eventim) abgewickelt. Alle Ticket-Inhaber_innen werden hierzu in K\u00fcrze von unseren Ticket-Partnern via Email kontaktiert.<\/p><p>Die wichtigsten Fragen und Antworten zur Absage haben wir in unseren FAQ zusammengestellt. Falls dar\u00fcber hinaus Fragen offenbleiben sollten, k\u00f6nnt ihr uns jederzeit \u00fcber <a href=\"mailto:info@oye-festival.com\">info@oye-festival.com<\/a> kontaktieren. Wir antworten euch so schnell wie m\u00f6glich.\u00a0<\/p><p>Wir m\u00f6chten an dieser Stelle die Gelegenheit nutzen, um uns bei euch f\u00fcr den gro\u00dfen Support und die zahlreichen Ticket-K\u00e4ufe f\u00fcr unser erstes <strong>\u00a1OYE Latin Summer Festival<\/strong> zu bedanken. Insbesondere auch f\u00fcr die vielen aufmunternden Nachrichten und Kommentare im Zuge der Corona-Krise. Nicht zuletzt deshalb blicken wir positiv in die Zukunft und sind uns sicher \u2013 zu gegebener Zeit \u2013 mit euch gemeinsam das erste <strong>\u00a1OYE-Festival<\/strong> im K\u00f6lner Tanzbrunnen feiern zu k\u00f6nnen. Aufgrund der COVID-19-bedingten Planungsunsicherheiten im globalen Konzertgesch\u00e4ft l\u00e4sst sich der Zeitpunkt hierf\u00fcr aktuell noch nicht abschlie\u00dfend eingrenzen.<\/p><p>Ihr k\u00f6nnt euch aber darauf verlassen, dass wir als Veranstalterteam aus <strong>RADIO SABOR<\/strong> x <strong>HUSH HUSH<\/strong> x <strong>FOG\u00d3N<\/strong> ein fulminantes Festival mit ein paar unvergesslichen <strong><span style=\"color: #e55ab2;\">#afro #latin #summer #vibes<\/span><\/strong> f\u00fcr euch organisieren werden.<\/p><p>Passt auf euch auf und bleibt solidarisch. Danke f\u00fcr euer Verst\u00e4ndnis und euren Support. Hasta pronto!<\/p><p><strong>Euer \u00a1OYE-Produktionsteam.<\/strong><\/p>\t\t\t\t\t<\/div>\n\t\t\t\t\t\t<\/div>\n\t\t\t\t<\/div>\n\t\t\t\t\t\t<\/div>\n\t\t\t\t\t<\/div>\n\t\t<\/div>\n\t\t\t\t\t\t\t\t<\/div>\n\t\t\t\t\t<\/div>\n\t\t<\/section>\n\t\t\t\t\t\t<\/div>\n\t\t\t\t\t<\/div>\n\t\t<\/div>\n\t\t\t\t\t\t\t\t<\/div>\n\t\t\t\t\t<\/div>\n\t\t<\/section>\n\t\t\t\t<section class=\"elementor-section elementor-top-section elementor-element elementor-element-57f5242 elementor-section-height-min-height elementor-section-boxed elementor-section-height-default elementor-section-items-middle\" data-id=\"57f5242\" data-element_type=\"section\" data-settings=\"{&quot;background_background&quot;:&quot;classic&quot;}\">\n\t\t\t\t\t\t<div class=\"elementor-container elementor-column-gap-default\">\n\t\t\t\t\t\t\t<div class=\"elementor-row\">\n\t\t\t\t\t<div class=\"elementor-column elementor-col-100 elementor-top-column elementor-element elementor-element-ab6c7c2\" data-id=\"ab6c7c2\" data-element_type=\"column\">\n\t\t\t<div class=\"elementor-column-wrap\">\n\t\t\t\t\t\t\t<div class=\"elementor-widget-wrap\">\n\t\t\t\t\t\t\t\t<\/div>\n\t\t\t\t\t<\/div>\n\t\t<\/div>\n\t\t\t\t\t\t\t\t<\/div>\n\t\t\t\t\t<\/div>\n\t\t<\/section>\n\t\t\t\t<section class=\"elementor-section elementor-top-section elementor-element elementor-element-4573c09 elementor-section-full_width elementor-section-height-default elementor-section-height-default\" data-id=\"4573c09\" data-element_type=\"section\" data-settings=\"{&quot;background_background&quot;:&quot;classic&quot;}\">\n\t\t\t\t\t\t\t<div class=\"elementor-background-overlay\"><\/div>\n\t\t\t\t\t\t\t<div class=\"elementor-container elementor-column-gap-no\">\n\t\t\t\t\t\t\t<div class=\"elementor-row\">\n\t\t\t\t\t<div class=\"elementor-column elementor-col-100 elementor-top-column elementor-element elementor-element-569c556\" data-id=\"569c556\" data-element_type=\"column\">\n\t\t\t<div class=\"elementor-column-wrap elementor-element-populated\">\n\t\t\t\t\t\t\t<div class=\"elementor-widget-wrap\">\n\t\t\t\t\t\t<div class=\"elementor-element elementor-element-47cf8ea elementor-absolute elementor-widget elementor-widget-image\" data-id=\"47cf8ea\" data-element_type=\"widget\" data-settings=\"{&quot;_position&quot;:&quot;absolute&quot;}\" data-widget_type=\"image.default\">\n\t\t\t\t<div class=\"elementor-widget-container\">\n\t\t\t\t\t\t\t\t<div class=\"elementor-image\">\n\t\t\t\t\t\t\t\t\t\t\t\t<img width=\"700\" height=\"648\" src=\"https:\/\/www.oye-festival.com\/wp-content\/uploads\/2020\/05\/animal_print-black.png\" class=\"attachment-large size-large\" alt=\"\" loading=\"lazy\" srcset=\"https:\/\/www.oye-festival.com\/wp-content\/uploads\/2020\/05\/animal_print-black.png 700w, https:\/\/www.oye-festival.com\/wp-content\/uploads\/2020\/05\/animal_print-black-300x278.png 300w\" sizes=\"(max-width: 700px) 100vw, 700px\" \/>\t\t\t\t\t\t\t\t\t\t\t\t\t\t<\/div>\n\t\t\t\t\t\t<\/div>\n\t\t\t\t<\/div>\n\t\t\t\t<section class=\"elementor-section elementor-inner-section elementor-element elementor-element-1d6c661 elementor-section-boxed elementor-section-height-default elementor-section-height-default\" data-id=\"1d6c661\" data-element_type=\"section\">\n\t\t\t\t\t\t<div class=\"elementor-container elementor-column-gap-default\">\n\t\t\t\t\t\t\t<div class=\"elementor-row\">\n\t\t\t\t\t<div class=\"elementor-column elementor-col-100 elementor-inner-column elementor-element elementor-element-f5d4975\" data-id=\"f5d4975\" data-element_type=\"column\">\n\t\t\t<div class=\"elementor-column-wrap elementor-element-populated\">\n\t\t\t\t\t\t\t<div class=\"elementor-widget-wrap\">\n\t\t\t\t\t\t<div class=\"elementor-element elementor-element-13fdf9f elementor-widget elementor-widget-heading\" data-id=\"13fdf9f\" data-element_type=\"widget\" data-widget_type=\"heading.default\">\n\t\t\t\t<div class=\"elementor-widget-container\">\n\t\t\t<h1 class=\"elementor-heading-title elementor-size-default\">FAQ<\/h1>\t\t<\/div>\n\t\t\t\t<\/div>\n\t\t\t\t<div class=\"elementor-element elementor-element-9356e2e elementor-widget elementor-widget-image\" data-id=\"9356e2e\" data-element_type=\"widget\" data-widget_type=\"image.default\">\n\t\t\t\t<div class=\"elementor-widget-container\">\n\t\t\t\t\t\t\t\t<div class=\"elementor-image\">\n\t\t\t\t\t\t\t\t\t\t\t\t<img width=\"777\" height=\"43\" src=\"https:\/\/www.oye-festival.com\/wp-content\/uploads\/2020\/06\/seperator-top-blue.png\" class=\"attachment-full size-full\" alt=\"\" loading=\"lazy\" srcset=\"https:\/\/www.oye-festival.com\/wp-content\/uploads\/2020\/06\/seperator-top-blue.png 777w, https:\/\/www.oye-festival.com\/wp-content\/uploads\/2020\/06\/seperator-top-blue-300x17.png 300w, https:\/\/www.oye-festival.com\/wp-content\/uploads\/2020\/06\/seperator-top-blue-768x43.png 768w\" sizes=\"(max-width: 777px) 100vw, 777px\" \/>\t\t\t\t\t\t\t\t\t\t\t\t\t\t<\/div>\n\t\t\t\t\t\t<\/div>\n\t\t\t\t<\/div>\n\t\t\t\t<div class=\"elementor-element elementor-element-78c05ff elementor-widget elementor-widget-heading\" data-id=\"78c05ff\" data-element_type=\"widget\" data-widget_type=\"heading.default\">\n\t\t\t\t<div class=\"elementor-widget-container\">\n\t\t\t<h1 class=\"elementor-heading-title elementor-size-default\">die h\u00e4ufigsten Fragen und Antworten<\/h1>\t\t<\/div>\n\t\t\t\t<\/div>\n\t\t\t\t<div class=\"elementor-element elementor-element-5f1a859 elementor-widget elementor-widget-toggle\" data-id=\"5f1a859\" data-element_type=\"widget\" data-widget_type=\"toggle.default\">\n\t\t\t\t<div class=\"elementor-widget-container\">\n\t\t\t\t\t<div class=\"elementor-toggle\" role=\"tablist\">\n\t\t\t\t\t\t\t<div class=\"elementor-toggle-item\">\n\t\t\t\t\t<div id=\"elementor-tab-title-9971\" class=\"elementor-tab-title\" data-tab=\"1\" role=\"tab\" aria-controls=\"elementor-tab-content-9971\" aria-expanded=\"false\">\n\t\t\t\t\t\t\t\t\t\t\t\t<span class=\"elementor-toggle-icon elementor-toggle-icon-right\" aria-hidden=\"true\">\n\t\t\t\t\t\t\t\t\t\t\t\t\t\t\t<span class=\"elementor-toggle-icon-closed\"><i class=\"far fa-arrow-alt-circle-down\"><\/i><\/span>\n\t\t\t\t\t\t\t\t<span class=\"elementor-toggle-icon-opened\"><i class=\"elementor-toggle-icon-opened fas fa-arrow-alt-circle-up\"><\/i><\/span>\n\t\t\t\t\t\t\t\t\t\t\t\t\t<\/span>\n\t\t\t\t\t\t\t\t\t\t\t\t<a href=\"\" class=\"elementor-toggle-title\">Was passiert mit dem \u00a1OYE-Festival 2020? Wird es abgesagt oder verlegt? <\/a>\n\t\t\t\t\t<\/div>\n\t\t\t\t\t<div id=\"elementor-tab-content-9971\" class=\"elementor-tab-content elementor-clearfix\" data-tab=\"1\" role=\"tabpanel\" aria-labelledby=\"elementor-tab-title-9971\"><p>Wegen des weiterhin nicht vorhersehbaren Verlaufes der COVID-19-Pandemie und <strong>des offiziellen Verbotes aller Gro\u00dfveranstaltungen bis einschlie\u00dflich zum 31. Oktober 2020<\/strong> kann das <strong>\u00a1OYE Latin Summer Festival in diesem Jahr<\/strong> bedauerlicherweise <strong>nicht mehr stattfinden.<\/strong><\/p><p>Eine Verlegung des Festivals in den Sommer 2021 ist nur mit Einschr\u00e4nkungen m\u00f6glich und auch eine Verl\u00e4ngerung des Verbotes von Gro\u00dfveranstaltungen bis weit in das Jahr 2021 hinein ist denkbar. <strong>Wir haben uns deshalb schweren Herzens dazu entschieden die Veranstaltung abzusagen<\/strong>. So wollen wir euch eine unb\u00fcrokratische R\u00fcckerstattung der Tickets erm\u00f6glichen und die Grundlage daf\u00fcr schaffen, das Festival \u2013 sobald es wieder m\u00f6glich ist \u2013 neu zu planen.<\/p><\/div>\n\t\t\t\t<\/div>\n\t\t\t\t\t\t\t\t<\/div>\n\t\t\t\t<\/div>\n\t\t\t\t<\/div>\n\t\t\t\t<div class=\"elementor-element elementor-element-3ccb8891 elementor-widget elementor-widget-toggle\" data-id=\"3ccb8891\" data-element_type=\"widget\" data-widget_type=\"toggle.default\">\n\t\t\t\t<div class=\"elementor-widget-container\">\n\t\t\t\t\t<div class=\"elementor-toggle\" role=\"tablist\">\n\t\t\t\t\t\t\t<div class=\"elementor-toggle-item\">\n\t\t\t\t\t<div id=\"elementor-tab-title-1011\" class=\"elementor-tab-title\" data-tab=\"1\" role=\"tab\" aria-controls=\"elementor-tab-content-1011\" aria-expanded=\"false\">\n\t\t\t\t\t\t\t\t\t\t\t\t<span class=\"elementor-toggle-icon elementor-toggle-icon-right\" aria-hidden=\"true\">\n\t\t\t\t\t\t\t\t\t\t\t\t\t\t\t<span class=\"elementor-toggle-icon-closed\"><i class=\"far fa-arrow-alt-circle-down\"><\/i><\/span>\n\t\t\t\t\t\t\t\t<span class=\"elementor-toggle-icon-opened\"><i class=\"elementor-toggle-icon-opened fas fa-arrow-alt-circle-up\"><\/i><\/span>\n\t\t\t\t\t\t\t\t\t\t\t\t\t<\/span>\n\t\t\t\t\t\t\t\t\t\t\t\t<a href=\"\" class=\"elementor-toggle-title\">Warum wurde das \u00a1OYE-Festival 2020 abgesagt und nicht ins n\u00e4chste Jahr verlegt? Was ist mit BAD BUNNY?<\/a>\n\t\t\t\t\t<\/div>\n\t\t\t\t\t<div id=\"elementor-tab-content-1011\" class=\"elementor-tab-content elementor-clearfix\" data-tab=\"1\" role=\"tabpanel\" aria-labelledby=\"elementor-tab-title-1011\"><p><strong>Eine Verlegung des Festivals<\/strong> in den n\u00e4chsten Sommer <strong>w\u00e4re aufgrund<\/strong> aktuell <strong>bestehender Terminkonflikte<\/strong> im globalen Konzertgesch\u00e4ft <strong>nur ohne unseren Headliner BAD BUNNY m\u00f6glich<\/strong>. Zudem sind der weitere Verlauf der COVID-19-Pandemie und die daraus resultierenden Einschr\u00e4nkungen f\u00fcr das \u00f6ffentliche Leben und insbesondere f\u00fcr Gro\u00dfveranstaltungen nicht vorhersehbar. <strong>Um Entt\u00e4uschungen zu vermeiden<\/strong>, haben wir uns deshalb dazu entschieden die Veranstaltung abzusagen und sie <strong>zu einem sp\u00e4teren Zeitpunkt neu zu planen<\/strong>. So k\u00f6nnen wir allen Ticket-Inhabern und Ticket-Inhaberinnen eine Ticket-R\u00fcckerstattung erm\u00f6glichen und das bestm\u00f6gliche Programm f\u00fcr die Premiere des \u00a1OYE-Festivals garantieren.<\/p><\/div>\n\t\t\t\t<\/div>\n\t\t\t\t\t\t\t\t<\/div>\n\t\t\t\t<\/div>\n\t\t\t\t<\/div>\n\t\t\t\t<div class=\"elementor-element elementor-element-72f81158 elementor-widget elementor-widget-toggle\" data-id=\"72f81158\" data-element_type=\"widget\" data-widget_type=\"toggle.default\">\n\t\t\t\t<div class=\"elementor-widget-container\">\n\t\t\t\t\t<div class=\"elementor-toggle\" role=\"tablist\">\n\t\t\t\t\t\t\t<div class=\"elementor-toggle-item\">\n\t\t\t\t\t<div id=\"elementor-tab-title-1921\" class=\"elementor-tab-title\" data-tab=\"1\" role=\"tab\" aria-controls=\"elementor-tab-content-1921\" aria-expanded=\"false\">\n\t\t\t\t\t\t\t\t\t\t\t\t<span class=\"elementor-toggle-icon elementor-toggle-icon-right\" aria-hidden=\"true\">\n\t\t\t\t\t\t\t\t\t\t\t\t\t\t\t<span class=\"elementor-toggle-icon-closed\"><i class=\"far fa-arrow-alt-circle-down\"><\/i><\/span>\n\t\t\t\t\t\t\t\t<span class=\"elementor-toggle-icon-opened\"><i class=\"elementor-toggle-icon-opened fas fa-arrow-alt-circle-up\"><\/i><\/span>\n\t\t\t\t\t\t\t\t\t\t\t\t\t<\/span>\n\t\t\t\t\t\t\t\t\t\t\t\t<a href=\"\" class=\"elementor-toggle-title\">Wird es denn im n\u00e4chsten Jahr ein \u00a1OYE-Festival geben? Gibt es schon Infos zu einem neuen Termin? <\/a>\n\t\t\t\t\t<\/div>\n\t\t\t\t\t<div id=\"elementor-tab-content-1921\" class=\"elementor-tab-content elementor-clearfix\" data-tab=\"1\" role=\"tabpanel\" aria-labelledby=\"elementor-tab-title-1921\"><p>Wegen des weiterhin unvorhersehbaren Verlaufes der CORONA-Krise und der damit verbundenen Planungsunsicherheiten ist es f\u00fcr uns zum aktuellen Zeitpunkt nicht m\u00f6glich einen verl\u00e4sslichen Ersatztermin oder ein festes Line-Up f\u00fcr die Premiere unseres \u00a1OYE Latin Summer Festivals zu kommunizieren. Wir werden die weiteren Entwicklungen abwarten und euch sobald wie m\u00f6glich \u00fcber den neuen Termin informieren.<\/p><\/div>\n\t\t\t\t<\/div>\n\t\t\t\t\t\t\t\t<\/div>\n\t\t\t\t<\/div>\n\t\t\t\t<\/div>\n\t\t\t\t<div class=\"elementor-element elementor-element-2de9efa elementor-widget elementor-widget-toggle\" data-id=\"2de9efa\" data-element_type=\"widget\" data-widget_type=\"toggle.default\">\n\t\t\t\t<div class=\"elementor-widget-container\">\n\t\t\t\t\t<div class=\"elementor-toggle\" role=\"tablist\">\n\t\t\t\t\t\t\t<div class=\"elementor-toggle-item\">\n\t\t\t\t\t<div id=\"elementor-tab-title-4811\" class=\"elementor-tab-title\" data-tab=\"1\" role=\"tab\" aria-controls=\"elementor-tab-content-4811\" aria-expanded=\"false\">\n\t\t\t\t\t\t\t\t\t\t\t\t<span class=\"elementor-toggle-icon elementor-toggle-icon-right\" aria-hidden=\"true\">\n\t\t\t\t\t\t\t\t\t\t\t\t\t\t\t<span class=\"elementor-toggle-icon-closed\"><i class=\"far fa-arrow-alt-circle-down\"><\/i><\/span>\n\t\t\t\t\t\t\t\t<span class=\"elementor-toggle-icon-opened\"><i class=\"elementor-toggle-icon-opened fas fa-arrow-alt-circle-up\"><\/i><\/span>\n\t\t\t\t\t\t\t\t\t\t\t\t\t<\/span>\n\t\t\t\t\t\t\t\t\t\t\t\t<a href=\"\" class=\"elementor-toggle-title\">Was passiert mit meinem Ticket? Wie l\u00e4uft die R\u00fcckerstattung ab?<\/a>\n\t\t\t\t\t<\/div>\n\t\t\t\t\t<div id=\"elementor-tab-content-4811\" class=\"elementor-tab-content elementor-clearfix\" data-tab=\"1\" role=\"tabpanel\" aria-labelledby=\"elementor-tab-title-4811\"><p>Durch die Absage des Festivals erm\u00f6glichen wir allen Ticket-Inhabern und Ticket-Inhaberinnen eine unb\u00fcrokratische R\u00fcckerstattung des Ticket-Preises. Die Abwicklung erfolgt dabei \u00fcber unsere Ticket-Partner <strong>Ticket.io<\/strong> und <strong>Eventim<\/strong>. Unsere Ticket-Partner werden euch hierzu zeitnah kontaktieren und euch die genauen Informationen zur R\u00fcckabwicklung zur Verf\u00fcgung stellen.<\/p><\/div>\n\t\t\t\t<\/div>\n\t\t\t\t\t\t\t\t<\/div>\n\t\t\t\t<\/div>\n\t\t\t\t<\/div>\n\t\t\t\t\t\t<\/div>\n\t\t\t\t\t<\/div>\n\t\t<\/div>\n\t\t\t\t\t\t\t\t<\/div>\n\t\t\t\t\t<\/div>\n\t\t<\/section>\n\t\t\t\t<div class=\"elementor-element elementor-element-98dee9b elementor-widget elementor-widget-image\" data-id=\"98dee9b\" data-element_type=\"widget\" data-widget_type=\"image.default\">\n\t\t\t\t<div class=\"elementor-widget-container\">\n\t\t\t\t\t\t\t\t<div class=\"elementor-image\">\n\t\t\t\t\t\t\t\t\t\t\t\t<img width=\"236\" height=\"235\" src=\"https:\/\/www.oye-festival.com\/wp-content\/uploads\/2020\/05\/geometric_asset-pink.png\" class=\"attachment-large size-large\" alt=\"\" loading=\"lazy\" srcset=\"https:\/\/www.oye-festival.com\/wp-content\/uploads\/2020\/05\/geometric_asset-pink.png 236w, https:\/\/www.oye-festival.com\/wp-content\/uploads\/2020\/05\/geometric_asset-pink-150x150.png 150w\" sizes=\"(max-width: 236px) 100vw, 236px\" \/>\t\t\t\t\t\t\t\t\t\t\t\t\t\t<\/div>\n\t\t\t\t\t\t<\/div>\n\t\t\t\t<\/div>\n\t\t\t\t\t\t<\/div>\n\t\t\t\t\t<\/div>\n\t\t<\/div>\n\t\t\t\t\t\t\t\t<\/div>\n\t\t\t\t\t<\/div>\n\t\t<\/section>\n\t\t\t\t\t\t<\/div>\n\t\t\t\t\t\t<\/div>\n\t\t\t\t\t<\/div>\n\t\t","protected":false},"excerpt":{"rendered":"<p>ABSAGE 2020 CORONA Update Liebe\u00a0\u00a1OYE-Fam,\u00a0 wegen des offiziellen Verbotes aller Gro\u00dfveranstaltungen (bis mindestens zum 31. Oktober 2020) und des weiterhin nicht vorhersehbaren Verlaufes der COVID-19-Pandemie, l\u00e4sst sich die Premiere des \u00a1OYE Latin Summer Festivals in diesem Jahr bedauerlicherweise nicht mehr realisieren. Eine Verlegung des Festivals in den Sommer 2021 ist aufgrund bestehender Terminkonflikte im globalen [&hellip;]<\/p>\n","protected":false},"author":1,"featured_media":0,"parent":0,"menu_order":0,"comment_status":"closed","ping_status":"closed","template":"elementor_header_footer","meta":[],"_links":{"self":[{"href":"https:\/\/www.oye-festival.com\/index.php?rest_route=\/wp\/v2\/pages\/1944"}],"collection":[{"href":"https:\/\/www.oye-festival.com\/index.php?rest_route=\/wp\/v2\/pages"}],"about":[{"href":"https:\/\/www.oye-festival.com\/index.php?rest_route=\/wp\/v2\/types\/page"}],"author":[{"embeddable":true,"href":"https:\/\/www.oye-festival.com\/index.php?rest_route=\/wp\/v2\/users\/1"}],"replies":[{"embeddable":true,"href":"https:\/\/www.oye-festival.com\/index.php?rest_route=%2Fwp%2Fv2%2Fcomments&post=1944"}],"version-history":[{"count":25,"href":"https:\/\/www.oye-festival.com\/index.php?rest_route=\/wp\/v2\/pages\/1944\/revisions"}],"predecessor-version":[{"id":3277,"href":"https:\/\/www.oye-festival.com\/index.php?rest_route=\/wp\/v2\/pages\/1944\/revisions\/3277"}],"wp:attachment":[{"href":"https:\/\/www.oye-festival.com\/index.php?rest_route=%2Fwp%2Fv2%2Fmedia&parent=1944"}],"curies":[{"name":"wp","href":"https:\/\/api.w.org\/{rel}","templated":true}]}}